{"id":483,"date":"2021-04-22T18:58:37","date_gmt":"2021-04-22T16:58:37","guid":{"rendered":"http:\/\/marcom.hr\/?page_id=483"},"modified":"2021-04-22T18:59:50","modified_gmt":"2021-04-22T16:59:50","slug":"pomocni-materijal","status":"publish","type":"page","link":"http:\/\/marcom.hr\/index.php\/pomocni-materijal\/","title":{"rendered":"Pomo\u0107ni materijal"},"content":{"rendered":"\t\t<div data-elementor-type=\"wp-page\" data-elementor-id=\"483\" class=\"elementor elementor-483\" data-elementor-post-type=\"page\">\n\t\t\t\t\t\t\t\t\t<section class=\"elementor-section elementor-top-section elementor-element elementor-element-77118f70 elementor-section-height-min-height elementor-section-boxed elementor-section-height-default elementor-section-items-middle\" data-id=\"77118f70\" data-element_type=\"section\" data-settings=\"{&quot;background_background&quot;:&quot;classic&quot;}\">\n\t\t\t\t\t\t\t<div class=\"elementor-background-overlay\"><\/div>\n\t\t\t\t\t\t\t<div class=\"elementor-container elementor-column-gap-default\">\n\t\t\t\t\t<div class=\"elementor-column elementor-col-100 elementor-top-column elementor-element elementor-element-788af893\" data-id=\"788af893\" data-element_type=\"column\">\n\t\t\t<div class=\"elementor-widget-wrap elementor-element-populated\">\n\t\t\t\t\t\t\t\t<div class=\"elementor-element elementor-element-45e76e44 elementor-widget elementor-widget-heading\" data-id=\"45e76e44\" data-element_type=\"widget\" data-widget_type=\"heading.default\">\n\t\t\t\t<div class=\"elementor-widget-container\">\n\t\t\t<h1 class=\"elementor-heading-title elementor-size-default\">Pomo\u0107ni materijali<\/h1>\t\t<\/div>\n\t\t\t\t<\/div>\n\t\t\t\t\t<\/div>\n\t\t<\/div>\n\t\t\t\t\t\t\t<\/div>\n\t\t<\/section>\n\t\t\t\t<section class=\"elementor-section elementor-top-section elementor-element elementor-element-19bb0773 elementor-section-boxed elementor-section-height-default elementor-section-height-default\" data-id=\"19bb0773\" data-element_type=\"section\" data-settings=\"{&quot;background_background&quot;:&quot;classic&quot;}\">\n\t\t\t\t\t\t\t<div class=\"elementor-background-overlay\"><\/div>\n\t\t\t\t\t\t\t<div class=\"elementor-container elementor-column-gap-default\">\n\t\t\t\t\t<div class=\"elementor-column elementor-col-100 elementor-top-column elementor-element elementor-element-4ef8dfe5\" data-id=\"4ef8dfe5\" data-element_type=\"column\">\n\t\t\t<div class=\"elementor-widget-wrap elementor-element-populated\">\n\t\t\t\t\t\t\t\t<div class=\"elementor-element elementor-element-7cd517b4 elementor-widget elementor-widget-heading\" data-id=\"7cd517b4\" data-element_type=\"widget\" data-widget_type=\"heading.default\">\n\t\t\t\t<div class=\"elementor-widget-container\">\n\t\t\t<h1 class=\"elementor-heading-title elementor-size-default\">Ponuda - pomo\u0107ni materijali<\/h1>\t\t<\/div>\n\t\t\t\t<\/div>\n\t\t\t\t\t<\/div>\n\t\t<\/div>\n\t\t\t\t\t\t\t<\/div>\n\t\t<\/section>\n\t\t\t\t<section class=\"elementor-section elementor-top-section elementor-element elementor-element-d419c3a elementor-section-boxed elementor-section-height-default elementor-section-height-default\" data-id=\"d419c3a\" data-element_type=\"section\" data-settings=\"{&quot;background_background&quot;:&quot;classic&quot;}\">\n\t\t\t\t\t\t\t<div class=\"elementor-background-overlay\"><\/div>\n\t\t\t\t\t\t\t<div class=\"elementor-container elementor-column-gap-default\">\n\t\t\t\t\t<div class=\"elementor-column elementor-col-33 elementor-top-column elementor-element elementor-element-79bb446b\" data-id=\"79bb446b\" data-element_type=\"column\">\n\t\t\t<div class=\"elementor-widget-wrap elementor-element-populated\">\n\t\t\t\t\t\t\t\t<div class=\"elementor-element elementor-element-45b57b3b elementor-position-top elementor-widget elementor-widget-image-box\" data-id=\"45b57b3b\" data-element_type=\"widget\" data-widget_type=\"image-box.default\">\n\t\t\t\t<div class=\"elementor-widget-container\">\n\t\t\t<div class=\"elementor-image-box-wrapper\"><figure class=\"elementor-image-box-img\"><img decoding=\"async\" src=\"http:\/\/marcom.hr\/wp-content\/uploads\/elementor\/thumbs\/zastitne-folije-marcom-p63m8gberu5vi92tmb1pwzye1bkw72cwvjvqnnnjj4.jpg\" title=\"za\u0161titne-folije-marcom\" alt=\"za\u0161titne-folije-marcom\" class=\"elementor-animation-shrink\" loading=\"lazy\" \/><\/figure><div class=\"elementor-image-box-content\"><h3 class=\"elementor-image-box-title\">Za\u0161titne folije<\/h3><\/div><\/div>\t\t<\/div>\n\t\t\t\t<\/div>\n\t\t\t\t\t<\/div>\n\t\t<\/div>\n\t\t\t\t<div class=\"elementor-column elementor-col-33 elementor-top-column elementor-element elementor-element-5f7cd3c1\" data-id=\"5f7cd3c1\" data-element_type=\"column\">\n\t\t\t<div class=\"elementor-widget-wrap elementor-element-populated\">\n\t\t\t\t\t\t\t\t<div class=\"elementor-element elementor-element-10dbddae elementor-position-top elementor-widget elementor-widget-image-box\" data-id=\"10dbddae\" data-element_type=\"widget\" data-widget_type=\"image-box.default\">\n\t\t\t\t<div class=\"elementor-widget-container\">\n\t\t\t<div class=\"elementor-image-box-wrapper\"><figure class=\"elementor-image-box-img\"><img decoding=\"async\" src=\"http:\/\/marcom.hr\/wp-content\/uploads\/elementor\/thumbs\/krep-trake-marcom-p63m9rbc9jy7mr6jzvd2do3fql58vxjhq0i0nhpuw0.jpg\" title=\"krep-trake-marcom\" alt=\"krep-trake-marcom\" class=\"elementor-animation-shrink\" loading=\"lazy\" \/><\/figure><div class=\"elementor-image-box-content\"><h3 class=\"elementor-image-box-title\">Za\u0161titne trake<\/h3><\/div><\/div>\t\t<\/div>\n\t\t\t\t<\/div>\n\t\t\t\t\t<\/div>\n\t\t<\/div>\n\t\t\t\t<div class=\"elementor-column elementor-col-33 elementor-top-column elementor-element elementor-element-75c2c97e\" data-id=\"75c2c97e\" data-element_type=\"column\">\n\t\t\t<div class=\"elementor-widget-wrap elementor-element-populated\">\n\t\t\t\t\t\t\t\t<div class=\"elementor-element elementor-element-2c6ad53f elementor-position-top elementor-widget elementor-widget-image-box\" data-id=\"2c6ad53f\" data-element_type=\"widget\" data-widget_type=\"image-box.default\">\n\t\t\t\t<div class=\"elementor-widget-container\">\n\t\t\t<div class=\"elementor-image-box-wrapper\"><figure class=\"elementor-image-box-img\"><img decoding=\"async\" src=\"http:\/\/marcom.hr\/wp-content\/uploads\/elementor\/thumbs\/silikoni-marcom-p63mcpj3ptzm2ow9rn9wpfaiv4lq1q95sm7vvrcdcw.jpg\" title=\"silikoni-marcom\" alt=\"silikoni-marcom\" class=\"elementor-animation-shrink\" loading=\"lazy\" \/><\/figure><div class=\"elementor-image-box-content\"><h3 class=\"elementor-image-box-title\">Silikoni<\/h3><\/div><\/div>\t\t<\/div>\n\t\t\t\t<\/div>\n\t\t\t\t\t<\/div>\n\t\t<\/div>\n\t\t\t\t\t\t\t<\/div>\n\t\t<\/section>\n\t\t\t\t<section class=\"elementor-section elementor-top-section elementor-element elementor-element-3c7cafcc elementor-section-boxed elementor-section-height-default elementor-section-height-default\" data-id=\"3c7cafcc\" data-element_type=\"section\" data-settings=\"{&quot;background_background&quot;:&quot;classic&quot;}\">\n\t\t\t\t\t\t\t<div class=\"elementor-background-overlay\"><\/div>\n\t\t\t\t\t\t\t<div class=\"elementor-container elementor-column-gap-default\">\n\t\t\t\t\t<div class=\"elementor-column elementor-col-33 elementor-top-column elementor-element elementor-element-68f0092e\" data-id=\"68f0092e\" data-element_type=\"column\">\n\t\t\t<div class=\"elementor-widget-wrap elementor-element-populated\">\n\t\t\t\t\t\t\t\t<div class=\"elementor-element elementor-element-7d7e4e7c elementor-position-top elementor-widget elementor-widget-image-box\" data-id=\"7d7e4e7c\" data-element_type=\"widget\" data-widget_type=\"image-box.default\">\n\t\t\t\t<div class=\"elementor-widget-container\">\n\t\t\t<div class=\"elementor-image-box-wrapper\"><figure class=\"elementor-image-box-img\"><img decoding=\"async\" src=\"http:\/\/marcom.hr\/wp-content\/uploads\/elementor\/thumbs\/pur-pjena-marcom-p63mjg1gp37la340fk3nkq3g4jef7mzwpyj5p5csrk.jpg\" title=\"pur-pjena-marcom\" alt=\"pur-pjena-marcom\" class=\"elementor-animation-shrink\" loading=\"lazy\" \/><\/figure><div class=\"elementor-image-box-content\"><h3 class=\"elementor-image-box-title\">Pur pjena<\/h3><\/div><\/div>\t\t<\/div>\n\t\t\t\t<\/div>\n\t\t\t\t\t<\/div>\n\t\t<\/div>\n\t\t\t\t<div class=\"elementor-column elementor-col-33 elementor-top-column elementor-element elementor-element-23903cb6\" data-id=\"23903cb6\" data-element_type=\"column\">\n\t\t\t<div class=\"elementor-widget-wrap elementor-element-populated\">\n\t\t\t\t\t\t\t\t<div class=\"elementor-element elementor-element-2c44da84 elementor-position-top elementor-widget elementor-widget-image-box\" data-id=\"2c44da84\" data-element_type=\"widget\" data-widget_type=\"image-box.default\">\n\t\t\t\t<div class=\"elementor-widget-container\">\n\t\t\t<div class=\"elementor-image-box-wrapper\"><figure class=\"elementor-image-box-img\"><img decoding=\"async\" src=\"http:\/\/marcom.hr\/wp-content\/uploads\/elementor\/thumbs\/gleteri-marcom-p63mlgf1bbyo426voxdxeptxv7hoobz8nwrjngdhgg.jpg\" title=\"gleteri-marcom\" alt=\"gleteri-marcom\" class=\"elementor-animation-shrink\" loading=\"lazy\" \/><\/figure><div class=\"elementor-image-box-content\"><h3 class=\"elementor-image-box-title\">Gleteri<\/h3><\/div><\/div>\t\t<\/div>\n\t\t\t\t<\/div>\n\t\t\t\t\t<\/div>\n\t\t<\/div>\n\t\t\t\t<div class=\"elementor-column elementor-col-33 elementor-top-column elementor-element elementor-element-4f338e73\" data-id=\"4f338e73\" data-element_type=\"column\">\n\t\t\t<div class=\"elementor-widget-wrap elementor-element-populated\">\n\t\t\t\t\t\t\t\t<div class=\"elementor-element elementor-element-6ab065dd elementor-position-top elementor-widget elementor-widget-image-box\" data-id=\"6ab065dd\" data-element_type=\"widget\" data-widget_type=\"image-box.default\">\n\t\t\t\t<div class=\"elementor-widget-container\">\n\t\t\t<div class=\"elementor-image-box-wrapper\"><figure class=\"elementor-image-box-img\"><img decoding=\"async\" src=\"http:\/\/marcom.hr\/wp-content\/uploads\/elementor\/thumbs\/kistovi-i-valjci-marcom-p63mn3mv9w7qfhsv34zf9svzahdt59ibw1v4vvxokg.jpg\" title=\"kistovi-i-valjci-marcom\" alt=\"kistovi-i-valjci-marcom\" class=\"elementor-animation-shrink\" loading=\"lazy\" \/><\/figure><div class=\"elementor-image-box-content\"><h3 class=\"elementor-image-box-title\">Kistovi i valjci<\/h3><\/div><\/div>\t\t<\/div>\n\t\t\t\t<\/div>\n\t\t\t\t\t<\/div>\n\t\t<\/div>\n\t\t\t\t\t\t\t<\/div>\n\t\t<\/section>\n\t\t\t\t<section class=\"elementor-section elementor-top-section elementor-element elementor-element-779ec1d9 elementor-section-boxed elementor-section-height-default elementor-section-height-default\" data-id=\"779ec1d9\" data-element_type=\"section\">\n\t\t\t\t\t\t<div class=\"elementor-container elementor-column-gap-default\">\n\t\t\t\t\t<div class=\"elementor-column elementor-col-100 elementor-top-column elementor-element elementor-element-7ec0ff47\" data-id=\"7ec0ff47\" data-element_type=\"column\">\n\t\t\t<div class=\"elementor-widget-wrap elementor-element-populated\">\n\t\t\t\t\t\t\t\t<div class=\"elementor-element elementor-element-74eba40c elementor-widget elementor-widget-spacer\" data-id=\"74eba40c\" data-element_type=\"widget\" data-widget_type=\"spacer.default\">\n\t\t\t\t<div class=\"elementor-widget-container\">\n\t\t\t\t\t<div class=\"elementor-spacer\">\n\t\t\t<div class=\"elementor-spacer-inner\"><\/div>\n\t\t<\/div>\n\t\t\t\t<\/div>\n\t\t\t\t<\/div>\n\t\t\t\t\t<\/div>\n\t\t<\/div>\n\t\t\t\t\t\t\t<\/div>\n\t\t<\/section>\n\t\t\t\t\t\t\t<\/div>\n\t\t","protected":false},"excerpt":{"rendered":"<p>Pomo\u0107ni materijali Ponuda &#8211; pomo\u0107ni materijali Za\u0161titne folije Za\u0161titne trake Silikoni Pur pjena Gleteri Kistovi i valjci<\/p>\n","protected":false},"author":1,"featured_media":0,"parent":0,"menu_order":0,"comment_status":"closed","ping_status":"closed","template":"","meta":{"footnotes":""},"_links":{"self":[{"href":"http:\/\/marcom.hr\/index.php\/wp-json\/wp\/v2\/pages\/483"}],"collection":[{"href":"http:\/\/marcom.hr\/index.php\/wp-json\/wp\/v2\/pages"}],"about":[{"href":"http:\/\/marcom.hr\/index.php\/wp-json\/wp\/v2\/types\/page"}],"author":[{"embeddable":true,"href":"http:\/\/marcom.hr\/index.php\/wp-json\/wp\/v2\/users\/1"}],"replies":[{"embeddable":true,"href":"http:\/\/marcom.hr\/index.php\/wp-json\/wp\/v2\/comments?post=483"}],"version-history":[{"count":7,"href":"http:\/\/marcom.hr\/index.php\/wp-json\/wp\/v2\/pages\/483\/revisions"}],"predecessor-version":[{"id":501,"href":"http:\/\/marcom.hr\/index.php\/wp-json\/wp\/v2\/pages\/483\/revisions\/501"}],"wp:attachment":[{"href":"http:\/\/marcom.hr\/index.php\/wp-json\/wp\/v2\/media?parent=483"}],"curies":[{"name":"wp","href":"https:\/\/api.w.org\/{rel}","templated":true}]}}