{"id":470,"date":"2021-04-22T18:38:27","date_gmt":"2021-04-22T16:38:27","guid":{"rendered":"http:\/\/marcom.hr\/?page_id=470"},"modified":"2021-04-22T18:42:28","modified_gmt":"2021-04-22T16:42:28","slug":"boje-i-lakovi","status":"publish","type":"page","link":"http:\/\/marcom.hr\/index.php\/boje-i-lakovi\/","title":{"rendered":"Boje i lakovi"},"content":{"rendered":"\t\t<div data-elementor-type=\"wp-page\" data-elementor-id=\"470\" class=\"elementor elementor-470\" data-elementor-post-type=\"page\">\n\t\t\t\t\t\t\t\t\t<section class=\"elementor-section elementor-top-section elementor-element elementor-element-fe33382 elementor-section-height-min-height elementor-section-boxed elementor-section-height-default elementor-section-items-middle\" data-id=\"fe33382\" data-element_type=\"section\" data-settings=\"{&quot;background_background&quot;:&quot;classic&quot;}\">\n\t\t\t\t\t\t\t<div class=\"elementor-background-overlay\"><\/div>\n\t\t\t\t\t\t\t<div class=\"elementor-container elementor-column-gap-default\">\n\t\t\t\t\t<div class=\"elementor-column elementor-col-100 elementor-top-column elementor-element elementor-element-1410e55c\" data-id=\"1410e55c\" data-element_type=\"column\">\n\t\t\t<div class=\"elementor-widget-wrap elementor-element-populated\">\n\t\t\t\t\t\t\t\t<div class=\"elementor-element elementor-element-5794555 elementor-widget elementor-widget-heading\" data-id=\"5794555\" data-element_type=\"widget\" data-widget_type=\"heading.default\">\n\t\t\t\t<div class=\"elementor-widget-container\">\n\t\t\t<h1 class=\"elementor-heading-title elementor-size-default\">Boje i lakovi<\/h1>\t\t<\/div>\n\t\t\t\t<\/div>\n\t\t\t\t\t<\/div>\n\t\t<\/div>\n\t\t\t\t\t\t\t<\/div>\n\t\t<\/section>\n\t\t\t\t<section class=\"elementor-section elementor-top-section elementor-element elementor-element-10df7ed3 elementor-section-boxed elementor-section-height-default elementor-section-height-default\" data-id=\"10df7ed3\" data-element_type=\"section\">\n\t\t\t\t\t\t\t<div class=\"elementor-background-overlay\"><\/div>\n\t\t\t\t\t\t\t<div class=\"elementor-container elementor-column-gap-default\">\n\t\t\t\t\t<div class=\"elementor-column elementor-col-50 elementor-top-column elementor-element elementor-element-4bdd5df2\" data-id=\"4bdd5df2\" data-element_type=\"column\">\n\t\t\t<div class=\"elementor-widget-wrap elementor-element-populated\">\n\t\t\t\t\t\t\t\t<div class=\"elementor-element elementor-element-313e4bf1 elementor-widget elementor-widget-heading\" data-id=\"313e4bf1\" data-element_type=\"widget\" data-widget_type=\"heading.default\">\n\t\t\t\t<div class=\"elementor-widget-container\">\n\t\t\t<h2 class=\"elementor-heading-title elementor-size-default\">Boje i lakovi\n<\/h2>\t\t<\/div>\n\t\t\t\t<\/div>\n\t\t\t\t<div class=\"elementor-element elementor-element-2fd9786 elementor-widget elementor-widget-text-editor\" data-id=\"2fd9786\" data-element_type=\"widget\" data-widget_type=\"text-editor.default\">\n\t\t\t\t<div class=\"elementor-widget-container\">\n\t\t\t\t\t\t\t<p>\u00a0<\/p><p>U na\u0161oj bogatoj ponudi mo\u017eete prona\u0107i:<\/p><ul><li>boje za interijere<\/li><li>boje za eksterijere<\/li><li>boje i lakove za drvo i metal<\/li><li>zavr\u0161ne dekorativne \u017ebuke<\/li><li>razrje\u0111iva\u010de<div class=\"container\"><div class=\"main-content\"><section class=\"banner\"><div class=\"row\"><div class=\"col-md-4 col-md-offset-1\">\u00a0<\/div><\/div><\/section><\/div><\/div><footer><div class=\"bottom\"><div class=\"container\"><div class=\"row\"><div class=\"col-md-5\">\u00a0<\/div><\/div><\/div><\/div><\/footer><\/li><\/ul>\t\t\t\t\t\t<\/div>\n\t\t\t\t<\/div>\n\t\t\t\t\t<\/div>\n\t\t<\/div>\n\t\t\t\t<div class=\"elementor-column elementor-col-50 elementor-top-column elementor-element elementor-element-1ba13827\" data-id=\"1ba13827\" data-element_type=\"column\">\n\t\t\t<div class=\"elementor-widget-wrap elementor-element-populated\">\n\t\t\t\t\t\t\t\t<div class=\"elementor-element elementor-element-300213f1 elementor-widget elementor-widget-image\" data-id=\"300213f1\" data-element_type=\"widget\" data-widget_type=\"image.default\">\n\t\t\t\t<div class=\"elementor-widget-container\">\n\t\t\t\t\t\t\t\t\t\t\t\t\t\t\t<img decoding=\"async\" src=\"http:\/\/marcom.hr\/wp-content\/uploads\/elementor\/thumbs\/boje-i-lakovi-marcom-p63l2u0o5x6tftj6nbeeii1n54ptdj4rtjzrold31c.jpg\" title=\"boje-i-lakovi-marcom\" alt=\"boje-i-lakovi-marcom\" loading=\"lazy\" \/>\t\t\t\t\t\t\t\t\t\t\t\t\t\t\t<\/div>\n\t\t\t\t<\/div>\n\t\t\t\t\t<\/div>\n\t\t<\/div>\n\t\t\t\t\t\t\t<\/div>\n\t\t<\/section>\n\t\t\t\t<section class=\"elementor-section elementor-top-section elementor-element elementor-element-62c72b04 elementor-section-boxed elementor-section-height-default elementor-section-height-default\" data-id=\"62c72b04\" data-element_type=\"section\" data-settings=\"{&quot;background_background&quot;:&quot;classic&quot;}\">\n\t\t\t\t\t\t\t<div class=\"elementor-background-overlay\"><\/div>\n\t\t\t\t\t\t\t<div class=\"elementor-container elementor-column-gap-default\">\n\t\t\t\t\t<div class=\"elementor-column elementor-col-100 elementor-top-column elementor-element elementor-element-6cd4c525\" data-id=\"6cd4c525\" data-element_type=\"column\">\n\t\t\t<div class=\"elementor-widget-wrap elementor-element-populated\">\n\t\t\t\t\t\t\t\t<div class=\"elementor-element elementor-element-7867a106 elementor-widget elementor-widget-heading\" data-id=\"7867a106\" data-element_type=\"widget\" data-widget_type=\"heading.default\">\n\t\t\t\t<div class=\"elementor-widget-container\">\n\t\t\t<h1 class=\"elementor-heading-title elementor-size-default\">Ponuda - boje i lakovi<\/h1>\t\t<\/div>\n\t\t\t\t<\/div>\n\t\t\t\t\t<\/div>\n\t\t<\/div>\n\t\t\t\t\t\t\t<\/div>\n\t\t<\/section>\n\t\t\t\t<section class=\"elementor-section elementor-top-section elementor-element elementor-element-1b0d93de elementor-section-boxed elementor-section-height-default elementor-section-height-default\" data-id=\"1b0d93de\" data-element_type=\"section\" data-settings=\"{&quot;background_background&quot;:&quot;classic&quot;}\">\n\t\t\t\t\t\t\t<div class=\"elementor-background-overlay\"><\/div>\n\t\t\t\t\t\t\t<div class=\"elementor-container elementor-column-gap-default\">\n\t\t\t\t\t<div class=\"elementor-column elementor-col-33 elementor-top-column elementor-element elementor-element-1d0a9ef9\" data-id=\"1d0a9ef9\" data-element_type=\"column\">\n\t\t\t<div class=\"elementor-widget-wrap elementor-element-populated\">\n\t\t\t\t\t\t\t\t<div class=\"elementor-element elementor-element-2fcc5415 elementor-position-top elementor-widget elementor-widget-image-box\" data-id=\"2fcc5415\" data-element_type=\"widget\" data-widget_type=\"image-box.default\">\n\t\t\t\t<div class=\"elementor-widget-container\">\n\t\t\t<div class=\"elementor-image-box-wrapper\"><figure class=\"elementor-image-box-img\"><img decoding=\"async\" src=\"http:\/\/marcom.hr\/wp-content\/uploads\/elementor\/thumbs\/boje-interijer-marcom-p63lj3m4fpggcvwknuiz5w9t86jhkypjq2f9nz8tcw.jpg\" title=\"boje-interijer-marcom\" alt=\"boje-interijer-marcom\" class=\"elementor-animation-shrink\" loading=\"lazy\" \/><\/figure><div class=\"elementor-image-box-content\"><h3 class=\"elementor-image-box-title\">Boje za interijere<\/h3><\/div><\/div>\t\t<\/div>\n\t\t\t\t<\/div>\n\t\t\t\t\t<\/div>\n\t\t<\/div>\n\t\t\t\t<div class=\"elementor-column elementor-col-33 elementor-top-column elementor-element elementor-element-232e4554\" data-id=\"232e4554\" data-element_type=\"column\">\n\t\t\t<div class=\"elementor-widget-wrap elementor-element-populated\">\n\t\t\t\t\t\t\t\t<div class=\"elementor-element elementor-element-41877e57 elementor-position-top elementor-widget elementor-widget-image-box\" data-id=\"41877e57\" data-element_type=\"widget\" data-widget_type=\"image-box.default\">\n\t\t\t\t<div class=\"elementor-widget-container\">\n\t\t\t<div class=\"elementor-image-box-wrapper\"><figure class=\"elementor-image-box-img\"><img decoding=\"async\" src=\"http:\/\/marcom.hr\/wp-content\/uploads\/elementor\/thumbs\/Dizajn-bez-naslova-2021-04-15T162948.082-p5r9j160j2h107nle5a24x4rd7z7dm2fs9xxv0zcf4.jpg\" title=\"Dizajn bez naslova &#8211; 2021-04-15T162948.082\" alt=\"Dizajn bez naslova - 2021-04-15T162948.082\" class=\"elementor-animation-shrink\" loading=\"lazy\" \/><\/figure><div class=\"elementor-image-box-content\"><h3 class=\"elementor-image-box-title\">Boje za fasade<\/h3><\/div><\/div>\t\t<\/div>\n\t\t\t\t<\/div>\n\t\t\t\t\t<\/div>\n\t\t<\/div>\n\t\t\t\t<div class=\"elementor-column elementor-col-33 elementor-top-column elementor-element elementor-element-6bf07ed9\" data-id=\"6bf07ed9\" data-element_type=\"column\">\n\t\t\t<div class=\"elementor-widget-wrap elementor-element-populated\">\n\t\t\t\t\t\t\t\t<div class=\"elementor-element elementor-element-3d33192 elementor-position-top elementor-widget elementor-widget-image-box\" data-id=\"3d33192\" data-element_type=\"widget\" data-widget_type=\"image-box.default\">\n\t\t\t\t<div class=\"elementor-widget-container\">\n\t\t\t<div class=\"elementor-image-box-wrapper\"><figure class=\"elementor-image-box-img\"><img decoding=\"async\" src=\"http:\/\/marcom.hr\/wp-content\/uploads\/elementor\/thumbs\/boje-za-beton-marcom-p63lhm1bm5f3z42ecpd8prsjd7vke7suip8lb7g97k.jpg\" title=\"boje-za beton-marcom\" alt=\"boje-za beton-marcom\" class=\"elementor-animation-shrink\" loading=\"lazy\" \/><\/figure><div class=\"elementor-image-box-content\"><h3 class=\"elementor-image-box-title\">Boje za beton<\/h3><\/div><\/div>\t\t<\/div>\n\t\t\t\t<\/div>\n\t\t\t\t\t<\/div>\n\t\t<\/div>\n\t\t\t\t\t\t\t<\/div>\n\t\t<\/section>\n\t\t\t\t<section class=\"elementor-section elementor-top-section elementor-element elementor-element-79d286bc elementor-section-boxed elementor-section-height-default elementor-section-height-default\" data-id=\"79d286bc\" data-element_type=\"section\" data-settings=\"{&quot;background_background&quot;:&quot;classic&quot;}\">\n\t\t\t\t\t\t\t<div class=\"elementor-background-overlay\"><\/div>\n\t\t\t\t\t\t\t<div class=\"elementor-container elementor-column-gap-default\">\n\t\t\t\t\t<div class=\"elementor-column elementor-col-33 elementor-top-column elementor-element elementor-element-d26ca42\" data-id=\"d26ca42\" data-element_type=\"column\">\n\t\t\t<div class=\"elementor-widget-wrap elementor-element-populated\">\n\t\t\t\t\t\t\t\t<div class=\"elementor-element elementor-element-2f413a33 elementor-position-top elementor-widget elementor-widget-image-box\" data-id=\"2f413a33\" data-element_type=\"widget\" data-widget_type=\"image-box.default\">\n\t\t\t\t<div class=\"elementor-widget-container\">\n\t\t\t<div class=\"elementor-image-box-wrapper\"><figure class=\"elementor-image-box-img\"><img decoding=\"async\" src=\"http:\/\/marcom.hr\/wp-content\/uploads\/elementor\/thumbs\/impregnacija-marcom-p63lm6j2u5oaevfgo6gyc4a7bncst8xvhbekamocyo.jpg\" title=\"impregnacija-marcom\" alt=\"impregnacija-marcom\" class=\"elementor-animation-shrink\" loading=\"lazy\" \/><\/figure><div class=\"elementor-image-box-content\"><h3 class=\"elementor-image-box-title\">Impregnacija<\/h3><\/div><\/div>\t\t<\/div>\n\t\t\t\t<\/div>\n\t\t\t\t\t<\/div>\n\t\t<\/div>\n\t\t\t\t<div class=\"elementor-column elementor-col-33 elementor-top-column elementor-element elementor-element-193101fd\" data-id=\"193101fd\" data-element_type=\"column\">\n\t\t\t<div class=\"elementor-widget-wrap elementor-element-populated\">\n\t\t\t\t\t\t\t\t<div class=\"elementor-element elementor-element-5e5e01d3 elementor-position-top elementor-widget elementor-widget-image-box\" data-id=\"5e5e01d3\" data-element_type=\"widget\" data-widget_type=\"image-box.default\">\n\t\t\t\t<div class=\"elementor-widget-container\">\n\t\t\t<div class=\"elementor-image-box-wrapper\"><figure class=\"elementor-image-box-img\"><img decoding=\"async\" src=\"http:\/\/marcom.hr\/wp-content\/uploads\/elementor\/thumbs\/lakovi-marcom-p63lpt6n84n58o5oh8y3gpb9w7gtj6ckba3203amxs.jpg\" title=\"lakovi-marcom\" alt=\"lakovi-marcom\" class=\"elementor-animation-shrink\" loading=\"lazy\" \/><\/figure><div class=\"elementor-image-box-content\"><h3 class=\"elementor-image-box-title\">Lakovi<\/h3><\/div><\/div>\t\t<\/div>\n\t\t\t\t<\/div>\n\t\t\t\t\t<\/div>\n\t\t<\/div>\n\t\t\t\t<div class=\"elementor-column elementor-col-33 elementor-top-column elementor-element elementor-element-57cda46f\" data-id=\"57cda46f\" data-element_type=\"column\">\n\t\t\t<div class=\"elementor-widget-wrap elementor-element-populated\">\n\t\t\t\t\t\t\t\t<div class=\"elementor-element elementor-element-504d7396 elementor-position-top elementor-widget elementor-widget-image-box\" data-id=\"504d7396\" data-element_type=\"widget\" data-widget_type=\"image-box.default\">\n\t\t\t\t<div class=\"elementor-widget-container\">\n\t\t\t<div class=\"elementor-image-box-wrapper\"><figure class=\"elementor-image-box-img\"><img decoding=\"async\" src=\"http:\/\/marcom.hr\/wp-content\/uploads\/elementor\/thumbs\/lazure-marcom-p63ls05367n8bwyzo72ra5dzsknnhr20m4vubc1kf4.jpg\" title=\"lazure-marcom\" alt=\"lazure-marcom\" class=\"elementor-animation-shrink\" loading=\"lazy\" \/><\/figure><div class=\"elementor-image-box-content\"><h3 class=\"elementor-image-box-title\">Lazure<\/h3><\/div><\/div>\t\t<\/div>\n\t\t\t\t<\/div>\n\t\t\t\t\t<\/div>\n\t\t<\/div>\n\t\t\t\t\t\t\t<\/div>\n\t\t<\/section>\n\t\t\t\t<section class=\"elementor-section elementor-top-section elementor-element elementor-element-59aa4847 elementor-section-boxed elementor-section-height-default elementor-section-height-default\" data-id=\"59aa4847\" data-element_type=\"section\">\n\t\t\t\t\t\t<div class=\"elementor-container elementor-column-gap-default\">\n\t\t\t\t\t<div class=\"elementor-column elementor-col-100 elementor-top-column elementor-element elementor-element-26a980db\" data-id=\"26a980db\" data-element_type=\"column\">\n\t\t\t<div class=\"elementor-widget-wrap elementor-element-populated\">\n\t\t\t\t\t\t\t\t<div class=\"elementor-element elementor-element-78d76e52 elementor-widget elementor-widget-spacer\" data-id=\"78d76e52\" data-element_type=\"widget\" data-widget_type=\"spacer.default\">\n\t\t\t\t<div class=\"elementor-widget-container\">\n\t\t\t\t\t<div class=\"elementor-spacer\">\n\t\t\t<div class=\"elementor-spacer-inner\"><\/div>\n\t\t<\/div>\n\t\t\t\t<\/div>\n\t\t\t\t<\/div>\n\t\t\t\t\t<\/div>\n\t\t<\/div>\n\t\t\t\t\t\t\t<\/div>\n\t\t<\/section>\n\t\t\t\t\t\t\t<\/div>\n\t\t","protected":false},"excerpt":{"rendered":"<p>Boje i lakovi Boje i lakovi \u00a0 U na\u0161oj bogatoj ponudi mo\u017eete prona\u0107i: boje za interijere boje za eksterijere boje i lakove za drvo i metal zavr\u0161ne dekorativne \u017ebuke razrje\u0111iva\u010de \u00a0 \u00a0 Ponuda &#8211; boje i lakovi Boje za interijere Boje za fasade Boje za beton Impregnacija Lakovi Lazure<\/p>\n","protected":false},"author":1,"featured_media":0,"parent":0,"menu_order":0,"comment_status":"closed","ping_status":"closed","template":"","meta":{"footnotes":""},"_links":{"self":[{"href":"http:\/\/marcom.hr\/index.php\/wp-json\/wp\/v2\/pages\/470"}],"collection":[{"href":"http:\/\/marcom.hr\/index.php\/wp-json\/wp\/v2\/pages"}],"about":[{"href":"http:\/\/marcom.hr\/index.php\/wp-json\/wp\/v2\/types\/page"}],"author":[{"embeddable":true,"href":"http:\/\/marcom.hr\/index.php\/wp-json\/wp\/v2\/users\/1"}],"replies":[{"embeddable":true,"href":"http:\/\/marcom.hr\/index.php\/wp-json\/wp\/v2\/comments?post=470"}],"version-history":[{"count":7,"href":"http:\/\/marcom.hr\/index.php\/wp-json\/wp\/v2\/pages\/470\/revisions"}],"predecessor-version":[{"id":488,"href":"http:\/\/marcom.hr\/index.php\/wp-json\/wp\/v2\/pages\/470\/revisions\/488"}],"wp:attachment":[{"href":"http:\/\/marcom.hr\/index.php\/wp-json\/wp\/v2\/media?parent=470"}],"curies":[{"name":"wp","href":"https:\/\/api.w.org\/{rel}","templated":true}]}}