{"id":452,"date":"2021-04-22T18:08:04","date_gmt":"2021-04-22T16:08:04","guid":{"rendered":"http:\/\/marcom.hr\/?page_id=452"},"modified":"2021-05-07T12:46:01","modified_gmt":"2021-05-07T10:46:01","slug":"fasadni-sustav","status":"publish","type":"page","link":"http:\/\/marcom.hr\/index.php\/fasadni-sustav\/","title":{"rendered":"Fasadni sustav"},"content":{"rendered":"\t\t<div data-elementor-type=\"wp-page\" data-elementor-id=\"452\" class=\"elementor elementor-452\" data-elementor-post-type=\"page\">\n\t\t\t\t\t\t\t\t\t<section class=\"elementor-section elementor-top-section elementor-element elementor-element-21793f elementor-section-height-min-height elementor-section-boxed elementor-section-height-default elementor-section-items-middle\" data-id=\"21793f\" data-element_type=\"section\" data-settings=\"{&quot;background_background&quot;:&quot;classic&quot;}\">\n\t\t\t\t\t\t\t<div class=\"elementor-background-overlay\"><\/div>\n\t\t\t\t\t\t\t<div class=\"elementor-container elementor-column-gap-default\">\n\t\t\t\t\t<div class=\"elementor-column elementor-col-100 elementor-top-column elementor-element elementor-element-6f38e89d\" data-id=\"6f38e89d\" data-element_type=\"column\">\n\t\t\t<div class=\"elementor-widget-wrap elementor-element-populated\">\n\t\t\t\t\t\t\t\t<div class=\"elementor-element elementor-element-15c67838 elementor-widget elementor-widget-heading\" data-id=\"15c67838\" data-element_type=\"widget\" data-widget_type=\"heading.default\">\n\t\t\t\t<div class=\"elementor-widget-container\">\n\t\t\t<h1 class=\"elementor-heading-title elementor-size-default\">Fasadni sustav<\/h1>\t\t<\/div>\n\t\t\t\t<\/div>\n\t\t\t\t\t<\/div>\n\t\t<\/div>\n\t\t\t\t\t\t\t<\/div>\n\t\t<\/section>\n\t\t\t\t<section class=\"elementor-section elementor-top-section elementor-element elementor-element-568f914e elementor-section-boxed elementor-section-height-default elementor-section-height-default\" data-id=\"568f914e\" data-element_type=\"section\">\n\t\t\t\t\t\t\t<div class=\"elementor-background-overlay\"><\/div>\n\t\t\t\t\t\t\t<div class=\"elementor-container elementor-column-gap-default\">\n\t\t\t\t\t<div class=\"elementor-column elementor-col-50 elementor-top-column elementor-element elementor-element-705240c1\" data-id=\"705240c1\" data-element_type=\"column\">\n\t\t\t<div class=\"elementor-widget-wrap elementor-element-populated\">\n\t\t\t\t\t\t\t\t<div class=\"elementor-element elementor-element-3255b5f3 elementor-widget elementor-widget-heading\" data-id=\"3255b5f3\" data-element_type=\"widget\" data-widget_type=\"heading.default\">\n\t\t\t\t<div class=\"elementor-widget-container\">\n\t\t\t<h2 class=\"elementor-heading-title elementor-size-default\">Fasadni sustav<\/h2>\t\t<\/div>\n\t\t\t\t<\/div>\n\t\t\t\t<div class=\"elementor-element elementor-element-4ddcea7e elementor-widget elementor-widget-text-editor\" data-id=\"4ddcea7e\" data-element_type=\"widget\" data-widget_type=\"text-editor.default\">\n\t\t\t\t<div class=\"elementor-widget-container\">\n\t\t\t\t\t\t\t<p>\u00a0<\/p><p>\u00a0<\/p><p>Toplinski sustavi danas nezaobilazan su element konstrukcije koji pored za\u0161tite fasadnih povr\u0161ina od atmosferskih utjecaja ostvaruju i zahtjeve u\u010dinkovite toplinske izolacije.\u00a0<\/p><p>U dobro izoliranoj ku\u0107i zimi je ku\u0107a ugodno topla, za\u0161ti\u0107ena je od vru\u0107ine ljeti, a tijekom cijele godine unutarnja klima je uravnote\u017eena bez velikih kolebanja.\u00a0<\/p><p>\u00a0<\/p><p>\u00a0<\/p><p>\u00a0<\/p>\t\t\t\t\t\t<\/div>\n\t\t\t\t<\/div>\n\t\t\t\t\t<\/div>\n\t\t<\/div>\n\t\t\t\t<div class=\"elementor-column elementor-col-50 elementor-top-column elementor-element elementor-element-6a7bc4a9\" data-id=\"6a7bc4a9\" data-element_type=\"column\">\n\t\t\t<div class=\"elementor-widget-wrap elementor-element-populated\">\n\t\t\t\t\t\t\t\t<div class=\"elementor-element elementor-element-6e3c164f elementor-widget elementor-widget-image\" data-id=\"6e3c164f\" data-element_type=\"widget\" data-widget_type=\"image.default\">\n\t\t\t\t<div class=\"elementor-widget-container\">\n\t\t\t\t\t\t\t\t\t\t\t\t\t\t\t<img decoding=\"async\" src=\"http:\/\/marcom.hr\/wp-content\/uploads\/elementor\/thumbs\/fasadni-sustavi-marcom-p63k6ggsrcv9jck7pbl0mo62jcao8ulm1b1olhd9cw.jpg\" title=\"fasadni-sustavi-marcom\" alt=\"fasadni-sustavi-marcom\" loading=\"lazy\" \/>\t\t\t\t\t\t\t\t\t\t\t\t\t\t\t<\/div>\n\t\t\t\t<\/div>\n\t\t\t\t\t<\/div>\n\t\t<\/div>\n\t\t\t\t\t\t\t<\/div>\n\t\t<\/section>\n\t\t\t\t<section class=\"elementor-section elementor-top-section elementor-element elementor-element-10f49a9c elementor-section-boxed elementor-section-height-default elementor-section-height-default\" data-id=\"10f49a9c\" data-element_type=\"section\" data-settings=\"{&quot;background_background&quot;:&quot;classic&quot;}\">\n\t\t\t\t\t\t\t<div class=\"elementor-background-overlay\"><\/div>\n\t\t\t\t\t\t\t<div class=\"elementor-container elementor-column-gap-default\">\n\t\t\t\t\t<div class=\"elementor-column elementor-col-100 elementor-top-column elementor-element elementor-element-112921a1\" data-id=\"112921a1\" data-element_type=\"column\">\n\t\t\t<div class=\"elementor-widget-wrap elementor-element-populated\">\n\t\t\t\t\t\t\t\t<div class=\"elementor-element elementor-element-30ed44d3 elementor-widget elementor-widget-heading\" data-id=\"30ed44d3\" data-element_type=\"widget\" data-widget_type=\"heading.default\">\n\t\t\t\t<div class=\"elementor-widget-container\">\n\t\t\t<h1 class=\"elementor-heading-title elementor-size-default\">Ponuda - fasadni sustavi<\/h1>\t\t<\/div>\n\t\t\t\t<\/div>\n\t\t\t\t\t<\/div>\n\t\t<\/div>\n\t\t\t\t\t\t\t<\/div>\n\t\t<\/section>\n\t\t\t\t<section class=\"elementor-section elementor-top-section elementor-element elementor-element-520d3376 elementor-section-boxed elementor-section-height-default elementor-section-height-default\" data-id=\"520d3376\" data-element_type=\"section\" data-settings=\"{&quot;background_background&quot;:&quot;classic&quot;}\">\n\t\t\t\t\t\t\t<div class=\"elementor-background-overlay\"><\/div>\n\t\t\t\t\t\t\t<div class=\"elementor-container elementor-column-gap-default\">\n\t\t\t\t\t<div class=\"elementor-column elementor-col-33 elementor-top-column elementor-element elementor-element-761f0c9d\" data-id=\"761f0c9d\" data-element_type=\"column\">\n\t\t\t<div class=\"elementor-widget-wrap elementor-element-populated\">\n\t\t\t\t\t\t\t\t<div class=\"elementor-element elementor-element-70c388bd elementor-position-top elementor-widget elementor-widget-image-box\" data-id=\"70c388bd\" data-element_type=\"widget\" data-widget_type=\"image-box.default\">\n\t\t\t\t<div class=\"elementor-widget-container\">\n\t\t\t<div class=\"elementor-image-box-wrapper\"><figure class=\"elementor-image-box-img\"><img decoding=\"async\" src=\"http:\/\/marcom.hr\/wp-content\/uploads\/elementor\/thumbs\/stiropor-p6ta493i38bkd5d3r1dhc05gqq9g0dggc9wpc10n1c.jpg\" title=\"stiropor\" alt=\"stiropor\" class=\"elementor-animation-shrink\" loading=\"lazy\" \/><\/figure><div class=\"elementor-image-box-content\"><h3 class=\"elementor-image-box-title\">Stiropor<\/h3><\/div><\/div>\t\t<\/div>\n\t\t\t\t<\/div>\n\t\t\t\t\t<\/div>\n\t\t<\/div>\n\t\t\t\t<div class=\"elementor-column elementor-col-33 elementor-top-column elementor-element elementor-element-576eea61\" data-id=\"576eea61\" data-element_type=\"column\">\n\t\t\t<div class=\"elementor-widget-wrap elementor-element-populated\">\n\t\t\t\t\t\t\t\t<div class=\"elementor-element elementor-element-29764903 elementor-position-top elementor-widget elementor-widget-image-box\" data-id=\"29764903\" data-element_type=\"widget\" data-widget_type=\"image-box.default\">\n\t\t\t\t<div class=\"elementor-widget-container\">\n\t\t\t<div class=\"elementor-image-box-wrapper\"><figure class=\"elementor-image-box-img\"><img decoding=\"async\" src=\"http:\/\/marcom.hr\/wp-content\/uploads\/elementor\/thumbs\/stirodur-marcom-p63ka8reac1uat28lghx67rwo7mw8ymow1n36lr6ao.jpg\" title=\"stirodur-marcom\" alt=\"stirodur-marcom\" class=\"elementor-animation-shrink\" loading=\"lazy\" \/><\/figure><div class=\"elementor-image-box-content\"><h3 class=\"elementor-image-box-title\">Stirodur<\/h3><\/div><\/div>\t\t<\/div>\n\t\t\t\t<\/div>\n\t\t\t\t\t<\/div>\n\t\t<\/div>\n\t\t\t\t<div class=\"elementor-column elementor-col-33 elementor-top-column elementor-element elementor-element-24826677\" data-id=\"24826677\" data-element_type=\"column\">\n\t\t\t<div class=\"elementor-widget-wrap elementor-element-populated\">\n\t\t\t\t\t\t\t\t<div class=\"elementor-element elementor-element-6e7d4ad elementor-position-top elementor-widget elementor-widget-image-box\" data-id=\"6e7d4ad\" data-element_type=\"widget\" data-widget_type=\"image-box.default\">\n\t\t\t\t<div class=\"elementor-widget-container\">\n\t\t\t<div class=\"elementor-image-box-wrapper\"><figure class=\"elementor-image-box-img\"><img decoding=\"async\" src=\"http:\/\/marcom.hr\/wp-content\/uploads\/elementor\/thumbs\/kamena-vuna-marcom-p63kbt5poe71nesbg4vjbtjkbbwx2sul3ss7z7fjxc.jpg\" title=\"kamena-vuna-marcom\" alt=\"kamena-vuna-marcom\" class=\"elementor-animation-shrink\" loading=\"lazy\" \/><\/figure><div class=\"elementor-image-box-content\"><h3 class=\"elementor-image-box-title\">Kamena vuna<\/h3><\/div><\/div>\t\t<\/div>\n\t\t\t\t<\/div>\n\t\t\t\t\t<\/div>\n\t\t<\/div>\n\t\t\t\t\t\t\t<\/div>\n\t\t<\/section>\n\t\t\t\t<section class=\"elementor-section elementor-top-section elementor-element elementor-element-1007cab0 elementor-section-boxed elementor-section-height-default elementor-section-height-default\" data-id=\"1007cab0\" data-element_type=\"section\" data-settings=\"{&quot;background_background&quot;:&quot;classic&quot;}\">\n\t\t\t\t\t\t\t<div class=\"elementor-background-overlay\"><\/div>\n\t\t\t\t\t\t\t<div class=\"elementor-container elementor-column-gap-default\">\n\t\t\t\t\t<div class=\"elementor-column elementor-col-33 elementor-top-column elementor-element elementor-element-4109069f\" data-id=\"4109069f\" data-element_type=\"column\">\n\t\t\t<div class=\"elementor-widget-wrap elementor-element-populated\">\n\t\t\t\t\t\t\t\t<div class=\"elementor-element elementor-element-7ee2b240 elementor-position-top elementor-widget elementor-widget-image-box\" data-id=\"7ee2b240\" data-element_type=\"widget\" data-widget_type=\"image-box.default\">\n\t\t\t\t<div class=\"elementor-widget-container\">\n\t\t\t<div class=\"elementor-image-box-wrapper\"><figure class=\"elementor-image-box-img\"><img decoding=\"async\" src=\"http:\/\/marcom.hr\/wp-content\/uploads\/elementor\/thumbs\/Ungrind-p6acz2bnzgnvmrra9mb4lu9gjs2si61fnnukbitsww.jpg\" title=\"Ungrind\" alt=\"Ungrind\" class=\"elementor-animation-shrink\" loading=\"lazy\" \/><\/figure><div class=\"elementor-image-box-content\"><h3 class=\"elementor-image-box-title\">Impregnacija<\/h3><\/div><\/div>\t\t<\/div>\n\t\t\t\t<\/div>\n\t\t\t\t\t<\/div>\n\t\t<\/div>\n\t\t\t\t<div class=\"elementor-column elementor-col-33 elementor-top-column elementor-element elementor-element-5567b8d9\" data-id=\"5567b8d9\" data-element_type=\"column\">\n\t\t\t<div class=\"elementor-widget-wrap elementor-element-populated\">\n\t\t\t\t\t\t\t\t<div class=\"elementor-element elementor-element-355c5e5f elementor-position-top elementor-widget elementor-widget-image-box\" data-id=\"355c5e5f\" data-element_type=\"widget\" data-widget_type=\"image-box.default\">\n\t\t\t\t<div class=\"elementor-widget-container\">\n\t\t\t<div class=\"elementor-image-box-wrapper\"><figure class=\"elementor-image-box-img\"><img decoding=\"async\" src=\"http:\/\/marcom.hr\/wp-content\/uploads\/elementor\/thumbs\/fasadna-zbuka-jos-bolja-p6tadxtmirky0hak6q42j25h4oimc2wvc7xudonkww.jpg\" title=\"fasadna \u017ebuka jos bolja\" alt=\"fasadna \u017ebuka jos bolja\" class=\"elementor-animation-shrink\" loading=\"lazy\" \/><\/figure><div class=\"elementor-image-box-content\"><h3 class=\"elementor-image-box-title\">\u017dbuka<\/h3><\/div><\/div>\t\t<\/div>\n\t\t\t\t<\/div>\n\t\t\t\t\t<\/div>\n\t\t<\/div>\n\t\t\t\t<div class=\"elementor-column elementor-col-33 elementor-top-column elementor-element elementor-element-4c8cdf10\" data-id=\"4c8cdf10\" data-element_type=\"column\">\n\t\t\t<div class=\"elementor-widget-wrap elementor-element-populated\">\n\t\t\t\t\t\t\t\t<div class=\"elementor-element elementor-element-37d3d706 elementor-position-top elementor-widget elementor-widget-image-box\" data-id=\"37d3d706\" data-element_type=\"widget\" data-widget_type=\"image-box.default\">\n\t\t\t\t<div class=\"elementor-widget-container\">\n\t\t\t<div class=\"elementor-image-box-wrapper\"><figure class=\"elementor-image-box-img\"><img decoding=\"async\" src=\"http:\/\/marcom.hr\/wp-content\/uploads\/elementor\/thumbs\/kulir-marcom-p63khonee48k7o9456aleu69z0yi6p66wvkgygpz1c.jpg\" title=\"kulir-marcom\" alt=\"kulir-marcom\" class=\"elementor-animation-shrink\" loading=\"lazy\" \/><\/figure><div class=\"elementor-image-box-content\"><h3 class=\"elementor-image-box-title\">Kulir<\/h3><\/div><\/div>\t\t<\/div>\n\t\t\t\t<\/div>\n\t\t\t\t\t<\/div>\n\t\t<\/div>\n\t\t\t\t\t\t\t<\/div>\n\t\t<\/section>\n\t\t\t\t<section class=\"elementor-section elementor-top-section elementor-element elementor-element-6488fbd elementor-section-boxed elementor-section-height-default elementor-section-height-default\" data-id=\"6488fbd\" data-element_type=\"section\" data-settings=\"{&quot;background_background&quot;:&quot;classic&quot;}\">\n\t\t\t\t\t\t\t<div class=\"elementor-background-overlay\"><\/div>\n\t\t\t\t\t\t\t<div class=\"elementor-container elementor-column-gap-default\">\n\t\t\t\t\t<div class=\"elementor-column elementor-col-33 elementor-top-column elementor-element elementor-element-095b8d1\" data-id=\"095b8d1\" data-element_type=\"column\">\n\t\t\t<div class=\"elementor-widget-wrap elementor-element-populated\">\n\t\t\t\t\t\t\t\t<div class=\"elementor-element elementor-element-fa674f2 elementor-position-top elementor-widget elementor-widget-image-box\" data-id=\"fa674f2\" data-element_type=\"widget\" data-widget_type=\"image-box.default\">\n\t\t\t\t<div class=\"elementor-widget-container\">\n\t\t\t<div class=\"elementor-image-box-wrapper\"><figure class=\"elementor-image-box-img\"><img decoding=\"async\" src=\"http:\/\/marcom.hr\/wp-content\/uploads\/elementor\/thumbs\/ljepilo-za-stiropor-marcom-p63kjjdxvcrx3zk6bh53tvc05dtkd7j4u1vy13z0rk.jpg\" title=\"ljepilo-za-stiropor-marcom\" alt=\"ljepilo-za-stiropor-marcom\" class=\"elementor-animation-shrink\" loading=\"lazy\" \/><\/figure><div class=\"elementor-image-box-content\"><h3 class=\"elementor-image-box-title\">Ljepilo za stiropor<\/h3><\/div><\/div>\t\t<\/div>\n\t\t\t\t<\/div>\n\t\t\t\t\t<\/div>\n\t\t<\/div>\n\t\t\t\t<div class=\"elementor-column elementor-col-33 elementor-top-column elementor-element elementor-element-34972b8\" data-id=\"34972b8\" data-element_type=\"column\">\n\t\t\t<div class=\"elementor-widget-wrap elementor-element-populated\">\n\t\t\t\t\t\t\t\t<div class=\"elementor-element elementor-element-b3234cf elementor-position-top elementor-widget elementor-widget-image-box\" data-id=\"b3234cf\" data-element_type=\"widget\" data-widget_type=\"image-box.default\">\n\t\t\t\t<div class=\"elementor-widget-container\">\n\t\t\t<div class=\"elementor-image-box-wrapper\"><figure class=\"elementor-image-box-img\"><img decoding=\"async\" src=\"http:\/\/marcom.hr\/wp-content\/uploads\/elementor\/thumbs\/tiple-za-striopor-marcom-p63kkqmilqf3y1tdazty0kf7h3wg7aasbzwa3u6wtc.jpg\" title=\"tiple-za-striopor-marcom\" alt=\"tiple-za-striopor-marcom\" class=\"elementor-animation-shrink\" loading=\"lazy\" \/><\/figure><div class=\"elementor-image-box-content\"><h3 class=\"elementor-image-box-title\">Tiple za stiropor<\/h3><\/div><\/div>\t\t<\/div>\n\t\t\t\t<\/div>\n\t\t\t\t\t<\/div>\n\t\t<\/div>\n\t\t\t\t<div class=\"elementor-column elementor-col-33 elementor-top-column elementor-element elementor-element-d488b2a\" data-id=\"d488b2a\" data-element_type=\"column\">\n\t\t\t<div class=\"elementor-widget-wrap elementor-element-populated\">\n\t\t\t\t\t\t\t\t<div class=\"elementor-element elementor-element-b55e2da elementor-position-top elementor-widget elementor-widget-image-box\" data-id=\"b55e2da\" data-element_type=\"widget\" data-widget_type=\"image-box.default\">\n\t\t\t\t<div class=\"elementor-widget-container\">\n\t\t\t<div class=\"elementor-image-box-wrapper\"><figure class=\"elementor-image-box-img\"><img decoding=\"async\" src=\"http:\/\/marcom.hr\/wp-content\/uploads\/elementor\/thumbs\/fasadna-mrezica-marcom-p63kmduckao69hfcp7ffvnh8wdsko7tvk4zvc9r3xc.jpg\" title=\"fasadna-mre\u017eica-marcom\" alt=\"fasadna-mre\u017eica-marcom\" class=\"elementor-animation-shrink\" loading=\"lazy\" \/><\/figure><div class=\"elementor-image-box-content\"><h3 class=\"elementor-image-box-title\">Fasadna mre\u017eica<\/h3><\/div><\/div>\t\t<\/div>\n\t\t\t\t<\/div>\n\t\t\t\t\t<\/div>\n\t\t<\/div>\n\t\t\t\t\t\t\t<\/div>\n\t\t<\/section>\n\t\t\t\t<section class=\"elementor-section elementor-top-section elementor-element elementor-element-5e0b0379 elementor-section-boxed elementor-section-height-default elementor-section-height-default\" data-id=\"5e0b0379\" data-element_type=\"section\">\n\t\t\t\t\t\t<div class=\"elementor-container elementor-column-gap-default\">\n\t\t\t\t\t<div class=\"elementor-column elementor-col-100 elementor-top-column elementor-element elementor-element-61f2c545\" data-id=\"61f2c545\" data-element_type=\"column\">\n\t\t\t<div class=\"elementor-widget-wrap elementor-element-populated\">\n\t\t\t\t\t\t\t\t<div class=\"elementor-element elementor-element-99043ec elementor-widget elementor-widget-spacer\" data-id=\"99043ec\" data-element_type=\"widget\" data-widget_type=\"spacer.default\">\n\t\t\t\t<div class=\"elementor-widget-container\">\n\t\t\t\t\t<div class=\"elementor-spacer\">\n\t\t\t<div class=\"elementor-spacer-inner\"><\/div>\n\t\t<\/div>\n\t\t\t\t<\/div>\n\t\t\t\t<\/div>\n\t\t\t\t\t<\/div>\n\t\t<\/div>\n\t\t\t\t\t\t\t<\/div>\n\t\t<\/section>\n\t\t\t\t\t\t\t<\/div>\n\t\t","protected":false},"excerpt":{"rendered":"<p>Fasadni sustav Fasadni sustav \u00a0 \u00a0 Toplinski sustavi danas nezaobilazan su element konstrukcije koji pored za\u0161tite fasadnih povr\u0161ina od atmosferskih utjecaja ostvaruju i zahtjeve u\u010dinkovite toplinske izolacije.\u00a0 U dobro izoliranoj ku\u0107i zimi je ku\u0107a ugodno topla, za\u0161ti\u0107ena je od vru\u0107ine ljeti, a tijekom cijele godine unutarnja klima je uravnote\u017eena bez velikih kolebanja.\u00a0 \u00a0 \u00a0 \u00a0 [&hellip;]<\/p>\n","protected":false},"author":1,"featured_media":0,"parent":0,"menu_order":0,"comment_status":"closed","ping_status":"closed","template":"","meta":{"footnotes":""},"_links":{"self":[{"href":"http:\/\/marcom.hr\/index.php\/wp-json\/wp\/v2\/pages\/452"}],"collection":[{"href":"http:\/\/marcom.hr\/index.php\/wp-json\/wp\/v2\/pages"}],"about":[{"href":"http:\/\/marcom.hr\/index.php\/wp-json\/wp\/v2\/types\/page"}],"author":[{"embeddable":true,"href":"http:\/\/marcom.hr\/index.php\/wp-json\/wp\/v2\/users\/1"}],"replies":[{"embeddable":true,"href":"http:\/\/marcom.hr\/index.php\/wp-json\/wp\/v2\/comments?post=452"}],"version-history":[{"count":16,"href":"http:\/\/marcom.hr\/index.php\/wp-json\/wp\/v2\/pages\/452\/revisions"}],"predecessor-version":[{"id":586,"href":"http:\/\/marcom.hr\/index.php\/wp-json\/wp\/v2\/pages\/452\/revisions\/586"}],"wp:attachment":[{"href":"http:\/\/marcom.hr\/index.php\/wp-json\/wp\/v2\/media?parent=452"}],"curies":[{"name":"wp","href":"https:\/\/api.w.org\/{rel}","templated":true}]}}