{"id":415,"date":"2021-04-22T17:46:10","date_gmt":"2021-04-22T15:46:10","guid":{"rendered":"http:\/\/marcom.hr\/?page_id=415"},"modified":"2021-04-22T17:55:24","modified_gmt":"2021-04-22T15:55:24","slug":"suha-gradnja","status":"publish","type":"page","link":"http:\/\/marcom.hr\/index.php\/suha-gradnja\/","title":{"rendered":"Suha gradnja"},"content":{"rendered":"\t\t<div data-elementor-type=\"wp-page\" data-elementor-id=\"415\" class=\"elementor elementor-415\" data-elementor-post-type=\"page\">\n\t\t\t\t\t\t\t\t\t<section class=\"elementor-section elementor-top-section elementor-element elementor-element-2b2207ab elementor-section-height-min-height elementor-section-boxed elementor-section-height-default elementor-section-items-middle\" data-id=\"2b2207ab\" data-element_type=\"section\" data-settings=\"{&quot;background_background&quot;:&quot;classic&quot;}\">\n\t\t\t\t\t\t\t<div class=\"elementor-background-overlay\"><\/div>\n\t\t\t\t\t\t\t<div class=\"elementor-container elementor-column-gap-default\">\n\t\t\t\t\t<div class=\"elementor-column elementor-col-100 elementor-top-column elementor-element elementor-element-370e861c\" data-id=\"370e861c\" data-element_type=\"column\">\n\t\t\t<div class=\"elementor-widget-wrap elementor-element-populated\">\n\t\t\t\t\t\t\t\t<div class=\"elementor-element elementor-element-3656467b elementor-widget elementor-widget-heading\" data-id=\"3656467b\" data-element_type=\"widget\" data-widget_type=\"heading.default\">\n\t\t\t\t<div class=\"elementor-widget-container\">\n\t\t\t<h1 class=\"elementor-heading-title elementor-size-default\">Suha gradnja<\/h1>\t\t<\/div>\n\t\t\t\t<\/div>\n\t\t\t\t\t<\/div>\n\t\t<\/div>\n\t\t\t\t\t\t\t<\/div>\n\t\t<\/section>\n\t\t\t\t<section class=\"elementor-section elementor-top-section elementor-element elementor-element-1e14edcd elementor-section-boxed elementor-section-height-default elementor-section-height-default\" data-id=\"1e14edcd\" data-element_type=\"section\">\n\t\t\t\t\t\t\t<div class=\"elementor-background-overlay\"><\/div>\n\t\t\t\t\t\t\t<div class=\"elementor-container elementor-column-gap-default\">\n\t\t\t\t\t<div class=\"elementor-column elementor-col-50 elementor-top-column elementor-element elementor-element-640da78a\" data-id=\"640da78a\" data-element_type=\"column\">\n\t\t\t<div class=\"elementor-widget-wrap elementor-element-populated\">\n\t\t\t\t\t\t\t\t<div class=\"elementor-element elementor-element-6bfd653e elementor-widget elementor-widget-heading\" data-id=\"6bfd653e\" data-element_type=\"widget\" data-widget_type=\"heading.default\">\n\t\t\t\t<div class=\"elementor-widget-container\">\n\t\t\t<h2 class=\"elementor-heading-title elementor-size-default\">\u0160to omogu\u0107ava suha gradnja?\n<\/h2>\t\t<\/div>\n\t\t\t\t<\/div>\n\t\t\t\t<div class=\"elementor-element elementor-element-106fb068 elementor-widget elementor-widget-text-editor\" data-id=\"106fb068\" data-element_type=\"widget\" data-widget_type=\"text-editor.default\">\n\t\t\t\t<div class=\"elementor-widget-container\">\n\t\t\t\t\t\t\t<p>\u00a0<\/p><p>Suha gradnja omogu\u0107ava pomno isplanirano ure\u0111enje prostora kako bi se postigao maksimum u\u0161tede prostora, funkcionalnosti, ugodnog \u017eivljenja te optimalnog omjera ulo\u017eenih sredstava i dobivene kvalitete.<\/p><p>\u00a0<\/p><p>Manja debljina i te\u017eina pregradnih zidova omogu\u0107uje jednostavnu izradu i monta\u017eu. Osim toga, nije potrebno \u0161temanje, odnosno naknadno razbijanje zidova za polaganje instalacijskih vodova, s obzirom na to da se sve \u017eice i cijevi pola\u017eu za vrijeme gradnje u \u0161upljinu zida ili stropa gdje ostaju nevidljive.<\/p>\t\t\t\t\t\t<\/div>\n\t\t\t\t<\/div>\n\t\t\t\t\t<\/div>\n\t\t<\/div>\n\t\t\t\t<div class=\"elementor-column elementor-col-50 elementor-top-column elementor-element elementor-element-74864abd\" data-id=\"74864abd\" data-element_type=\"column\">\n\t\t\t<div class=\"elementor-widget-wrap elementor-element-populated\">\n\t\t\t\t\t\t\t\t<div class=\"elementor-element elementor-element-7a1ca40e elementor-widget elementor-widget-image\" data-id=\"7a1ca40e\" data-element_type=\"widget\" data-widget_type=\"image.default\">\n\t\t\t\t<div class=\"elementor-widget-container\">\n\t\t\t\t\t\t\t\t\t\t\t\t\t\t\t<img decoding=\"async\" src=\"http:\/\/marcom.hr\/wp-content\/uploads\/elementor\/thumbs\/suha-gradnja-marcom-p63hn88pg7zept2qevyjmoxiz1y76efgtrn5somt9c.jpg\" title=\"suha-gradnja-marcom\" alt=\"suha-gradnja-marcom\" loading=\"lazy\" \/>\t\t\t\t\t\t\t\t\t\t\t\t\t\t\t<\/div>\n\t\t\t\t<\/div>\n\t\t\t\t\t<\/div>\n\t\t<\/div>\n\t\t\t\t\t\t\t<\/div>\n\t\t<\/section>\n\t\t\t\t<section class=\"elementor-section elementor-top-section elementor-element elementor-element-49e801a elementor-section-boxed elementor-section-height-default elementor-section-height-default\" data-id=\"49e801a\" data-element_type=\"section\" data-settings=\"{&quot;background_background&quot;:&quot;classic&quot;}\">\n\t\t\t\t\t\t\t<div class=\"elementor-background-overlay\"><\/div>\n\t\t\t\t\t\t\t<div class=\"elementor-container elementor-column-gap-default\">\n\t\t\t\t\t<div class=\"elementor-column elementor-col-100 elementor-top-column elementor-element elementor-element-8715d52\" data-id=\"8715d52\" data-element_type=\"column\">\n\t\t\t<div class=\"elementor-widget-wrap elementor-element-populated\">\n\t\t\t\t\t\t\t\t<div class=\"elementor-element elementor-element-da9e808 elementor-widget elementor-widget-heading\" data-id=\"da9e808\" data-element_type=\"widget\" data-widget_type=\"heading.default\">\n\t\t\t\t<div class=\"elementor-widget-container\">\n\t\t\t<h1 class=\"elementor-heading-title elementor-size-default\">Ponuda - suha gradnja<\/h1>\t\t<\/div>\n\t\t\t\t<\/div>\n\t\t\t\t\t<\/div>\n\t\t<\/div>\n\t\t\t\t\t\t\t<\/div>\n\t\t<\/section>\n\t\t\t\t<section class=\"elementor-section elementor-top-section elementor-element elementor-element-14350b3 elementor-section-boxed elementor-section-height-default elementor-section-height-default\" data-id=\"14350b3\" data-element_type=\"section\" data-settings=\"{&quot;background_background&quot;:&quot;classic&quot;}\">\n\t\t\t\t\t\t\t<div class=\"elementor-background-overlay\"><\/div>\n\t\t\t\t\t\t\t<div class=\"elementor-container elementor-column-gap-default\">\n\t\t\t\t\t<div class=\"elementor-column elementor-col-33 elementor-top-column elementor-element elementor-element-4645df7\" data-id=\"4645df7\" data-element_type=\"column\">\n\t\t\t<div class=\"elementor-widget-wrap elementor-element-populated\">\n\t\t\t\t\t\t\t\t<div class=\"elementor-element elementor-element-5120790 elementor-position-top elementor-widget elementor-widget-image-box\" data-id=\"5120790\" data-element_type=\"widget\" data-widget_type=\"image-box.default\">\n\t\t\t\t<div class=\"elementor-widget-container\">\n\t\t\t<div class=\"elementor-image-box-wrapper\"><figure class=\"elementor-image-box-img\"><img decoding=\"async\" src=\"http:\/\/marcom.hr\/wp-content\/uploads\/elementor\/thumbs\/Dizajn-bez-naslova-2021-04-15T162737.332-p5r9h98zmc1j2q8frdnffd9ez0q8u70ovhkx87m468.jpg\" title=\"Dizajn bez naslova &#8211; 2021-04-15T162737.332\" alt=\"Dizajn bez naslova - 2021-04-15T162737.332\" class=\"elementor-animation-shrink\" loading=\"lazy\" \/><\/figure><div class=\"elementor-image-box-content\"><h3 class=\"elementor-image-box-title\">Gips plo\u010de<\/h3><\/div><\/div>\t\t<\/div>\n\t\t\t\t<\/div>\n\t\t\t\t\t<\/div>\n\t\t<\/div>\n\t\t\t\t<div class=\"elementor-column elementor-col-33 elementor-top-column elementor-element elementor-element-fc04495\" data-id=\"fc04495\" data-element_type=\"column\">\n\t\t\t<div class=\"elementor-widget-wrap elementor-element-populated\">\n\t\t\t\t\t\t\t\t<div class=\"elementor-element elementor-element-386dbc2 elementor-position-top elementor-widget elementor-widget-image-box\" data-id=\"386dbc2\" data-element_type=\"widget\" data-widget_type=\"image-box.default\">\n\t\t\t\t<div class=\"elementor-widget-container\">\n\t\t\t<div class=\"elementor-image-box-wrapper\"><figure class=\"elementor-image-box-img\"><img decoding=\"async\" src=\"http:\/\/marcom.hr\/wp-content\/uploads\/elementor\/thumbs\/profili-marcom-1-p63im6ulnducjoaj9hzzvdbqdzmoh481yt6be6snts.jpg\" title=\"profili-marcom\" alt=\"profili-marcom\" class=\"elementor-animation-shrink\" loading=\"lazy\" \/><\/figure><div class=\"elementor-image-box-content\"><h3 class=\"elementor-image-box-title\">UW, CW, UD, CD profili<\/h3><\/div><\/div>\t\t<\/div>\n\t\t\t\t<\/div>\n\t\t\t\t\t<\/div>\n\t\t<\/div>\n\t\t\t\t<div class=\"elementor-column elementor-col-33 elementor-top-column elementor-element elementor-element-5e06ddc\" data-id=\"5e06ddc\" data-element_type=\"column\">\n\t\t\t<div class=\"elementor-widget-wrap elementor-element-populated\">\n\t\t\t\t\t\t\t\t<div class=\"elementor-element elementor-element-8777fe7 elementor-position-top elementor-widget elementor-widget-image-box\" data-id=\"8777fe7\" data-element_type=\"widget\" data-widget_type=\"image-box.default\">\n\t\t\t\t<div class=\"elementor-widget-container\">\n\t\t\t<div class=\"elementor-image-box-wrapper\"><figure class=\"elementor-image-box-img\"><img decoding=\"async\" src=\"http:\/\/marcom.hr\/wp-content\/uploads\/elementor\/thumbs\/tiple-marcom-p63jfm6plo4i07jsfpwjfg07v8lcg01jogej915z1c.jpg\" title=\"tiple-marcom\" alt=\"tiple-marcom\" class=\"elementor-animation-shrink\" loading=\"lazy\" \/><\/figure><div class=\"elementor-image-box-content\"><h3 class=\"elementor-image-box-title\">Pomo\u0107ni materijal<\/h3><\/div><\/div>\t\t<\/div>\n\t\t\t\t<\/div>\n\t\t\t\t\t<\/div>\n\t\t<\/div>\n\t\t\t\t\t\t\t<\/div>\n\t\t<\/section>\n\t\t\t\t<section class=\"elementor-section elementor-top-section elementor-element elementor-element-8685387 elementor-section-boxed elementor-section-height-default elementor-section-height-default\" data-id=\"8685387\" data-element_type=\"section\" data-settings=\"{&quot;background_background&quot;:&quot;classic&quot;}\">\n\t\t\t\t\t\t\t<div class=\"elementor-background-overlay\"><\/div>\n\t\t\t\t\t\t\t<div class=\"elementor-container elementor-column-gap-default\">\n\t\t\t\t\t<div class=\"elementor-column elementor-col-33 elementor-top-column elementor-element elementor-element-3f84591\" data-id=\"3f84591\" data-element_type=\"column\">\n\t\t\t<div class=\"elementor-widget-wrap elementor-element-populated\">\n\t\t\t\t\t\t\t\t<div class=\"elementor-element elementor-element-f6d19a9 elementor-position-top elementor-widget elementor-widget-image-box\" data-id=\"f6d19a9\" data-element_type=\"widget\" data-widget_type=\"image-box.default\">\n\t\t\t\t<div class=\"elementor-widget-container\">\n\t\t\t<div class=\"elementor-image-box-wrapper\"><figure class=\"elementor-image-box-img\"><img decoding=\"async\" src=\"http:\/\/marcom.hr\/wp-content\/uploads\/elementor\/thumbs\/fugenfuller-knauf-marcom-p63jahyce54asmzebi9nuqhvfptejbq5n4jd6sr4ww.png\" title=\"fugenfuller-knauf-marcom\" alt=\"fugenfuller-knauf-marcom\" class=\"elementor-animation-shrink\" loading=\"lazy\" \/><\/figure><div class=\"elementor-image-box-content\"><h3 class=\"elementor-image-box-title\">Fugenfuller<\/h3><\/div><\/div>\t\t<\/div>\n\t\t\t\t<\/div>\n\t\t\t\t\t<\/div>\n\t\t<\/div>\n\t\t\t\t<div class=\"elementor-column elementor-col-33 elementor-top-column elementor-element elementor-element-17b211b\" data-id=\"17b211b\" data-element_type=\"column\">\n\t\t\t<div class=\"elementor-widget-wrap elementor-element-populated\">\n\t\t\t\t\t\t\t\t<div class=\"elementor-element elementor-element-14fa8de elementor-position-top elementor-widget elementor-widget-image-box\" data-id=\"14fa8de\" data-element_type=\"widget\" data-widget_type=\"image-box.default\">\n\t\t\t\t<div class=\"elementor-widget-container\">\n\t\t\t<div class=\"elementor-image-box-wrapper\"><figure class=\"elementor-image-box-img\"><img decoding=\"async\" src=\"http:\/\/marcom.hr\/wp-content\/uploads\/elementor\/thumbs\/perflix-knauf-marcom-p63jd22izwmeef9ldm33n391nh7dhnvunsgy7wyjz4.jpg\" title=\"perflix-knauf-marcom\" alt=\"perflix-knauf-marcom\" class=\"elementor-animation-shrink\" loading=\"lazy\" \/><\/figure><div class=\"elementor-image-box-content\"><h3 class=\"elementor-image-box-title\">Perlfix<\/h3><\/div><\/div>\t\t<\/div>\n\t\t\t\t<\/div>\n\t\t\t\t\t<\/div>\n\t\t<\/div>\n\t\t\t\t<div class=\"elementor-column elementor-col-33 elementor-top-column elementor-element elementor-element-bc06317\" data-id=\"bc06317\" data-element_type=\"column\">\n\t\t\t<div class=\"elementor-widget-wrap elementor-element-populated\">\n\t\t\t\t\t\t\t\t<div class=\"elementor-element elementor-element-3c1dc52 elementor-position-top elementor-widget elementor-widget-image-box\" data-id=\"3c1dc52\" data-element_type=\"widget\" data-widget_type=\"image-box.default\">\n\t\t\t\t<div class=\"elementor-widget-container\">\n\t\t\t<div class=\"elementor-image-box-wrapper\"><figure class=\"elementor-image-box-img\"><img decoding=\"async\" src=\"http:\/\/marcom.hr\/wp-content\/uploads\/elementor\/thumbs\/uniflott-knauf-marcom-p63ip52d3nvqzm0919wu74itij35mwxq1ew6mgf6ao.jpg\" title=\"uniflott-knauf-marcom\" alt=\"uniflott-knauf-marcom\" class=\"elementor-animation-shrink\" loading=\"lazy\" \/><\/figure><div class=\"elementor-image-box-content\"><h3 class=\"elementor-image-box-title\">Uniflot<\/h3><\/div><\/div>\t\t<\/div>\n\t\t\t\t<\/div>\n\t\t\t\t\t<\/div>\n\t\t<\/div>\n\t\t\t\t\t\t\t<\/div>\n\t\t<\/section>\n\t\t\t\t<section class=\"elementor-section elementor-top-section elementor-element elementor-element-da4828c elementor-section-boxed elementor-section-height-default elementor-section-height-default\" data-id=\"da4828c\" data-element_type=\"section\">\n\t\t\t\t\t\t<div class=\"elementor-container elementor-column-gap-default\">\n\t\t\t\t\t<div class=\"elementor-column elementor-col-100 elementor-top-column elementor-element elementor-element-bce71ba\" data-id=\"bce71ba\" data-element_type=\"column\">\n\t\t\t<div class=\"elementor-widget-wrap elementor-element-populated\">\n\t\t\t\t\t\t\t\t<div class=\"elementor-element elementor-element-0217b8c elementor-widget elementor-widget-spacer\" data-id=\"0217b8c\" data-element_type=\"widget\" data-widget_type=\"spacer.default\">\n\t\t\t\t<div class=\"elementor-widget-container\">\n\t\t\t\t\t<div class=\"elementor-spacer\">\n\t\t\t<div class=\"elementor-spacer-inner\"><\/div>\n\t\t<\/div>\n\t\t\t\t<\/div>\n\t\t\t\t<\/div>\n\t\t\t\t\t<\/div>\n\t\t<\/div>\n\t\t\t\t\t\t\t<\/div>\n\t\t<\/section>\n\t\t\t\t\t\t\t<\/div>\n\t\t","protected":false},"excerpt":{"rendered":"<p>Suha gradnja \u0160to omogu\u0107ava suha gradnja? \u00a0 Suha gradnja omogu\u0107ava pomno isplanirano ure\u0111enje prostora kako bi se postigao maksimum u\u0161tede prostora, funkcionalnosti, ugodnog \u017eivljenja te optimalnog omjera ulo\u017eenih sredstava i dobivene kvalitete. \u00a0 Manja debljina i te\u017eina pregradnih zidova omogu\u0107uje jednostavnu izradu i monta\u017eu. Osim toga, nije potrebno \u0161temanje, odnosno naknadno razbijanje zidova za polaganje [&hellip;]<\/p>\n","protected":false},"author":1,"featured_media":0,"parent":0,"menu_order":0,"comment_status":"closed","ping_status":"closed","template":"","meta":{"footnotes":""},"_links":{"self":[{"href":"http:\/\/marcom.hr\/index.php\/wp-json\/wp\/v2\/pages\/415"}],"collection":[{"href":"http:\/\/marcom.hr\/index.php\/wp-json\/wp\/v2\/pages"}],"about":[{"href":"http:\/\/marcom.hr\/index.php\/wp-json\/wp\/v2\/types\/page"}],"author":[{"embeddable":true,"href":"http:\/\/marcom.hr\/index.php\/wp-json\/wp\/v2\/users\/1"}],"replies":[{"embeddable":true,"href":"http:\/\/marcom.hr\/index.php\/wp-json\/wp\/v2\/comments?post=415"}],"version-history":[{"count":25,"href":"http:\/\/marcom.hr\/index.php\/wp-json\/wp\/v2\/pages\/415\/revisions"}],"predecessor-version":[{"id":448,"href":"http:\/\/marcom.hr\/index.php\/wp-json\/wp\/v2\/pages\/415\/revisions\/448"}],"wp:attachment":[{"href":"http:\/\/marcom.hr\/index.php\/wp-json\/wp\/v2\/media?parent=415"}],"curies":[{"name":"wp","href":"https:\/\/api.w.org\/{rel}","templated":true}]}}